{"id":1107,"date":"2025-02-04T16:07:56","date_gmt":"2025-02-04T15:07:56","guid":{"rendered":"https:\/\/ayooinformatique.com\/?post_type=product&#038;p=1107"},"modified":"2025-12-13T09:07:48","modified_gmt":"2025-12-13T08:07:48","slug":"acer-travel-mate-p214-i3-11eme","status":"publish","type":"product","link":"https:\/\/ayooinformatique.com\/index.php\/product\/acer-travel-mate-p214-i3-11eme\/","title":{"rendered":"Acer Travel Mate P214 i3 11\u00e9me"},"content":{"rendered":"<p>:La fiche technique d\u00e9taill\u00e9e des processeurs <strong>Intel Core i3 de 11\u1d49 g\u00e9n\u00e9ration<\/strong> :<\/p>\n<table style=\"height: 349px;\" width=\"604\">\n<thead>\n<tr>\n<th><strong>Caract\u00e9ristiques<\/strong><\/th>\n<th><strong>Intel Core i3-1115G4<\/strong><\/th>\n<th><\/th>\n<\/tr>\n<\/thead>\n<tbody>\n<tr>\n<td><strong>Architecture<\/strong><\/td>\n<td>Tiger Lake<\/td>\n<td><\/td>\n<\/tr>\n<tr>\n<td><strong>Gravure<\/strong><\/td>\n<td>10 nm SuperFin<\/td>\n<td><\/td>\n<\/tr>\n<tr>\n<td><strong>Nombre de c\u0153urs<\/strong><\/td>\n<td>2<\/td>\n<td><\/td>\n<\/tr>\n<tr>\n<td><strong>Nombre de threads<\/strong><\/td>\n<td>4<\/td>\n<td><\/td>\n<\/tr>\n<tr>\n<td><strong>Fr\u00e9quence de base<\/strong><\/td>\n<td>3.0 GHz<\/td>\n<td><\/td>\n<\/tr>\n<tr>\n<td><strong>Fr\u00e9quence maximale (Turbo)<\/strong><\/td>\n<td>4.1 GHz<\/td>\n<td><\/td>\n<\/tr>\n<tr>\n<td><strong>Cache L3<\/strong><\/td>\n<td>6 Mo<\/td>\n<td><\/td>\n<\/tr>\n<tr>\n<td><strong>Carte graphique int\u00e9gr\u00e9e<\/strong><\/td>\n<td>Intel UHD Graphics<\/td>\n<td><\/td>\n<\/tr>\n<tr>\n<td><strong>TDP (consommation \u00e9nerg\u00e9tique)<\/strong><\/td>\n<td>12-28W<\/td>\n<td><\/td>\n<\/tr>\n<tr>\n<td><strong>M\u00e9moire support\u00e9e<\/strong><\/td>\n<td>DDR4-3200, LPDDR4x-3733<\/td>\n<td><\/td>\n<\/tr>\n<\/tbody>\n<\/table>\n<p>&nbsp;<\/p>\n","protected":false},"excerpt":{"rendered":"<ul>\n<li><strong>Processeur<\/strong> : <strong>i3-1115G4<\/strong> : <strong>2 c\u0153urs \/ 4 threads<\/strong>, fr\u00e9quence jusqu&rsquo;\u00e0 <strong>4.1 GHz<\/strong>, <strong>6 Mo de cache<\/strong>.<\/li>\n<li><strong>Carte graphique<\/strong> : <strong>Intel UHD Graphics<\/strong>, optimis\u00e9e pour un affichage fluide et des performances multim\u00e9dia am\u00e9lior\u00e9es.<\/li>\n<li><strong>M\u00e9moire vive (RAM)<\/strong> : 8GB DDR4-3200<\/li>\n<li><strong>Stockage<\/strong> : 256GB Nvme<\/li>\n<li><strong>Ecran<\/strong> : 14 Pouce Full HD IPS<\/li>\n<li style=\"text-align: left;\">\u00a0Clavier : Lumineux<\/li>\n<\/ul>\n<h5><span style=\"color: #ff0000;\">Rupture de stock<\/span><\/h5>\n","protected":false},"featured_media":1252,"template":"","meta":[],"product_brand":[],"product_cat":[24],"product_tag":[],"class_list":{"0":"post-1107","1":"product","2":"type-product","3":"status-publish","4":"has-post-thumbnail","6":"product_cat-pc-portable","8":"first","9":"outofstock","10":"sale","11":"shipping-taxable","12":"purchasable","13":"product-type-simple"},"_links":{"self":[{"href":"https:\/\/ayooinformatique.com\/index.php\/wp-json\/wp\/v2\/product\/1107","targetHints":{"allow":["GET"]}}],"collection":[{"href":"https:\/\/ayooinformatique.com\/index.php\/wp-json\/wp\/v2\/product"}],"about":[{"href":"https:\/\/ayooinformatique.com\/index.php\/wp-json\/wp\/v2\/types\/product"}],"wp:featuredmedia":[{"embeddable":true,"href":"https:\/\/ayooinformatique.com\/index.php\/wp-json\/wp\/v2\/media\/1252"}],"wp:attachment":[{"href":"https:\/\/ayooinformatique.com\/index.php\/wp-json\/wp\/v2\/media?parent=1107"}],"wp:term":[{"taxonomy":"product_brand","embeddable":true,"href":"https:\/\/ayooinformatique.com\/index.php\/wp-json\/wp\/v2\/product_brand?post=1107"},{"taxonomy":"product_cat","embeddable":true,"href":"https:\/\/ayooinformatique.com\/index.php\/wp-json\/wp\/v2\/product_cat?post=1107"},{"taxonomy":"product_tag","embeddable":true,"href":"https:\/\/ayooinformatique.com\/index.php\/wp-json\/wp\/v2\/product_tag?post=1107"}],"curies":[{"name":"wp","href":"https:\/\/api.w.org\/{rel}","templated":true}]}}