{"id":1586,"date":"2025-08-10T16:51:38","date_gmt":"2025-08-10T15:51:38","guid":{"rendered":"https:\/\/ayooinformatique.com\/?post_type=product&#038;p=1586"},"modified":"2025-08-23T17:12:10","modified_gmt":"2025-08-23T16:12:10","slug":"lenovo-e590","status":"publish","type":"product","link":"https:\/\/ayooinformatique.com\/index.php\/product\/lenovo-e590\/","title":{"rendered":"Lenovo ThinkPad E590 M3 8\u00e9me 8GB RAM 256SSD ECRAN 15 FHD"},"content":{"rendered":"","protected":false},"excerpt":{"rendered":"<blockquote><p>Lenovo ThinkPad E590<\/p><\/blockquote>\n<ul>\n<li>Intel i3 8 \u00e9me G\u00e9n\u00e9ration<\/li>\n<li>RAM 8GB DDR4<\/li>\n<li>DISQUE DUR 256GB SSD<\/li>\n<li>ECRAN 15,6&Prime; UHD<\/li>\n<li>PAVIER Num\u00e9rique<\/li>\n<li>Garantie 1 Mois<\/li>\n<li>Livraison Gratuit Bureaux 58 Wilaya<\/li>\n<\/ul>\n","protected":false},"featured_media":1671,"template":"","meta":[],"product_brand":[31],"product_cat":[24],"product_tag":[],"class_list":{"0":"post-1586","1":"product","2":"type-product","3":"status-publish","4":"has-post-thumbnail","6":"product_brand-lenovo","7":"product_cat-pc-portable","9":"first","10":"instock","11":"sale","12":"shipping-taxable","13":"purchasable","14":"product-type-simple"},"_links":{"self":[{"href":"https:\/\/ayooinformatique.com\/index.php\/wp-json\/wp\/v2\/product\/1586","targetHints":{"allow":["GET"]}}],"collection":[{"href":"https:\/\/ayooinformatique.com\/index.php\/wp-json\/wp\/v2\/product"}],"about":[{"href":"https:\/\/ayooinformatique.com\/index.php\/wp-json\/wp\/v2\/types\/product"}],"wp:featuredmedia":[{"embeddable":true,"href":"https:\/\/ayooinformatique.com\/index.php\/wp-json\/wp\/v2\/media\/1671"}],"wp:attachment":[{"href":"https:\/\/ayooinformatique.com\/index.php\/wp-json\/wp\/v2\/media?parent=1586"}],"wp:term":[{"taxonomy":"product_brand","embeddable":true,"href":"https:\/\/ayooinformatique.com\/index.php\/wp-json\/wp\/v2\/product_brand?post=1586"},{"taxonomy":"product_cat","embeddable":true,"href":"https:\/\/ayooinformatique.com\/index.php\/wp-json\/wp\/v2\/product_cat?post=1586"},{"taxonomy":"product_tag","embeddable":true,"href":"https:\/\/ayooinformatique.com\/index.php\/wp-json\/wp\/v2\/product_tag?post=1586"}],"curies":[{"name":"wp","href":"https:\/\/api.w.org\/{rel}","templated":true}]}}