{"id":1649,"date":"2025-08-23T10:41:44","date_gmt":"2025-08-23T09:41:44","guid":{"rendered":"https:\/\/ayooinformatique.com\/?post_type=product&#038;p=1649"},"modified":"2026-02-17T13:55:41","modified_gmt":"2026-02-17T12:55:41","slug":"dell-5300-x360-i5-8-eme-8gb-ram-256ssd","status":"publish","type":"product","link":"https:\/\/ayooinformatique.com\/index.php\/product\/dell-5300-x360-i5-8-eme-8gb-ram-256ssd\/","title":{"rendered":"Dell 5300 X360 i5 8 \u00e9me 8GB Ram 256SSD"},"content":{"rendered":"","protected":false},"excerpt":{"rendered":"<p>&nbsp;<\/p>\n<p>\ud83d\udcbb Dell Latitude 5300 \u2013 Ultrabook Pro Business<br \/>\n\u26a1 Processeur : Intel Core i5 \u2013 8\u1d49 G\u00e9n<br \/>\n\ud83d\udcbe M\u00e9moire : 8GB \/ 16GB RAM DDR4<br \/>\n\ud83d\udcc0 Stockage : 256 \/ 512GB SSD NVMe<br \/>\n\ud83d\udda5\ufe0f \u00c9cran : 13.3\u201d FHD IPS \u2013 Haute Qualit\u00e9<br \/>\n\ud83d\udd0c Connectivit\u00e9 : USB-C, HDMI, WiFi, BT<br \/>\n\ud83c\udf92 Poids : L\u00e9ger &amp; Compact \u2013 id\u00e9al mobilit\u00e9<\/p>\n<p>\u2705 Robuste, rapide &amp; fiable<br \/>\n\u2705 Parfait pour bureau, \u00e9tudes &amp; t\u00e9l\u00e9travail<\/p>\n<p>\ud83d\udee1\ufe0f Garantie incluse<br \/>\n\ud83d\ude9a Livraison Gratuite au Bureaux<\/p>\n","protected":false},"featured_media":1651,"template":"","meta":[],"product_brand":[],"product_cat":[15],"product_tag":[],"class_list":{"0":"post-1649","1":"product","2":"type-product","3":"status-publish","4":"has-post-thumbnail","6":"product_cat-uncategorized","8":"first","9":"outofstock","10":"sale","11":"shipping-taxable","12":"purchasable","13":"product-type-simple"},"_links":{"self":[{"href":"https:\/\/ayooinformatique.com\/index.php\/wp-json\/wp\/v2\/product\/1649","targetHints":{"allow":["GET"]}}],"collection":[{"href":"https:\/\/ayooinformatique.com\/index.php\/wp-json\/wp\/v2\/product"}],"about":[{"href":"https:\/\/ayooinformatique.com\/index.php\/wp-json\/wp\/v2\/types\/product"}],"wp:featuredmedia":[{"embeddable":true,"href":"https:\/\/ayooinformatique.com\/index.php\/wp-json\/wp\/v2\/media\/1651"}],"wp:attachment":[{"href":"https:\/\/ayooinformatique.com\/index.php\/wp-json\/wp\/v2\/media?parent=1649"}],"wp:term":[{"taxonomy":"product_brand","embeddable":true,"href":"https:\/\/ayooinformatique.com\/index.php\/wp-json\/wp\/v2\/product_brand?post=1649"},{"taxonomy":"product_cat","embeddable":true,"href":"https:\/\/ayooinformatique.com\/index.php\/wp-json\/wp\/v2\/product_cat?post=1649"},{"taxonomy":"product_tag","embeddable":true,"href":"https:\/\/ayooinformatique.com\/index.php\/wp-json\/wp\/v2\/product_tag?post=1649"}],"curies":[{"name":"wp","href":"https:\/\/api.w.org\/{rel}","templated":true}]}}