{"id":1723,"date":"2025-09-06T07:57:26","date_gmt":"2025-09-06T06:57:26","guid":{"rendered":"https:\/\/ayooinformatique.com\/?post_type=product&#038;p=1723"},"modified":"2025-09-06T07:57:26","modified_gmt":"2025-09-06T06:57:26","slug":"cm22fvh-b-moniteur-condor-fhd-22-v2-100hz","status":"publish","type":"product","link":"https:\/\/ayooinformatique.com\/index.php\/product\/cm22fvh-b-moniteur-condor-fhd-22-v2-100hz\/","title":{"rendered":"CM22FVH-B MONITEUR CONDOR FHD 22&Prime; V2   100Hz"},"content":{"rendered":"","protected":false},"excerpt":{"rendered":"<ul>\n<li>Mod\u00e8le : Condor CM22FVH-B (aussi mentionn\u00e9 simplement comme CM22FVH)<span class=\"Apple-converted-space\">\u00a0 <\/span>.<\/li>\n<li>Taille de l\u2019\u00e9cran : 22 pouces, Full HD \u2013 r\u00e9solution de 1920\u00d71080 pixels<span class=\"Apple-converted-space\">\u00a0 <\/span>.<\/li>\n<li>Connectiques : HDMI et VGA<span class=\"Apple-converted-space\">\u00a0 <\/span>.<\/li>\n<li>Fr\u00e9quence de rafra\u00eechissement : g\u00e9n\u00e9ralement 60 Hz selon une source<span class=\"Apple-converted-space\">\u00a0 <\/span>. Toutefois, une autre r\u00e9f\u00e9rence mentionne 75 Hz \u2013 il pourrait s\u2019agir d\u2019une version ou d\u2019un r\u00e9glage diff\u00e9rent<span class=\"Apple-converted-space\">\u00a0 <\/span>.<\/li>\n<li>Origine du produit : Alg\u00e9rie<span class=\"Apple-converted-space\">\u00a0 <\/span>.<\/li>\n<li>Temps de r\u00e9ponse \/ autres d\u00e9tails : non pr\u00e9cis\u00e9 dans les sources consult\u00e9es jusqu\u2019\u00e0 pr\u00e9sent.<\/li>\n<\/ul>\n","protected":false},"featured_media":1724,"template":"","meta":[],"product_brand":[],"product_cat":[15],"product_tag":[],"class_list":{"0":"post-1723","1":"product","2":"type-product","3":"status-publish","4":"has-post-thumbnail","6":"product_cat-uncategorized","8":"first","9":"instock","10":"sale","11":"shipping-taxable","12":"purchasable","13":"product-type-simple"},"_links":{"self":[{"href":"https:\/\/ayooinformatique.com\/index.php\/wp-json\/wp\/v2\/product\/1723","targetHints":{"allow":["GET"]}}],"collection":[{"href":"https:\/\/ayooinformatique.com\/index.php\/wp-json\/wp\/v2\/product"}],"about":[{"href":"https:\/\/ayooinformatique.com\/index.php\/wp-json\/wp\/v2\/types\/product"}],"wp:featuredmedia":[{"embeddable":true,"href":"https:\/\/ayooinformatique.com\/index.php\/wp-json\/wp\/v2\/media\/1724"}],"wp:attachment":[{"href":"https:\/\/ayooinformatique.com\/index.php\/wp-json\/wp\/v2\/media?parent=1723"}],"wp:term":[{"taxonomy":"product_brand","embeddable":true,"href":"https:\/\/ayooinformatique.com\/index.php\/wp-json\/wp\/v2\/product_brand?post=1723"},{"taxonomy":"product_cat","embeddable":true,"href":"https:\/\/ayooinformatique.com\/index.php\/wp-json\/wp\/v2\/product_cat?post=1723"},{"taxonomy":"product_tag","embeddable":true,"href":"https:\/\/ayooinformatique.com\/index.php\/wp-json\/wp\/v2\/product_tag?post=1723"}],"curies":[{"name":"wp","href":"https:\/\/api.w.org\/{rel}","templated":true}]}}