{"id":1730,"date":"2025-09-06T08:06:46","date_gmt":"2025-09-06T07:06:46","guid":{"rendered":"https:\/\/ayooinformatique.com\/?post_type=product&#038;p=1730"},"modified":"2025-09-06T08:09:02","modified_gmt":"2025-09-06T07:09:02","slug":"1730","status":"publish","type":"product","link":"https:\/\/ayooinformatique.com\/index.php\/product\/1730\/","title":{"rendered":"CM24FVH  MONITEUR CONDOR FHD 24\u201c 75Hz"},"content":{"rendered":"","protected":false},"excerpt":{"rendered":"<p>Condor CM24FVH, \u00e9cran de 24 pouces avec r\u00e9solution Full HD (1920\u00d71080), fabriqu\u00e9 en Alg\u00e9rie <span class=\"Apple-converted-space\">\u00a0 <\/span>.<\/p>\n<p>\u2022 75Hz<\/p>\n","protected":false},"featured_media":1731,"template":"","meta":[],"product_brand":[],"product_cat":[15],"product_tag":[],"class_list":{"0":"post-1730","1":"product","2":"type-product","3":"status-publish","4":"has-post-thumbnail","6":"product_cat-uncategorized","8":"first","9":"instock","10":"sale","11":"shipping-taxable","12":"purchasable","13":"product-type-simple"},"_links":{"self":[{"href":"https:\/\/ayooinformatique.com\/index.php\/wp-json\/wp\/v2\/product\/1730","targetHints":{"allow":["GET"]}}],"collection":[{"href":"https:\/\/ayooinformatique.com\/index.php\/wp-json\/wp\/v2\/product"}],"about":[{"href":"https:\/\/ayooinformatique.com\/index.php\/wp-json\/wp\/v2\/types\/product"}],"wp:featuredmedia":[{"embeddable":true,"href":"https:\/\/ayooinformatique.com\/index.php\/wp-json\/wp\/v2\/media\/1731"}],"wp:attachment":[{"href":"https:\/\/ayooinformatique.com\/index.php\/wp-json\/wp\/v2\/media?parent=1730"}],"wp:term":[{"taxonomy":"product_brand","embeddable":true,"href":"https:\/\/ayooinformatique.com\/index.php\/wp-json\/wp\/v2\/product_brand?post=1730"},{"taxonomy":"product_cat","embeddable":true,"href":"https:\/\/ayooinformatique.com\/index.php\/wp-json\/wp\/v2\/product_cat?post=1730"},{"taxonomy":"product_tag","embeddable":true,"href":"https:\/\/ayooinformatique.com\/index.php\/wp-json\/wp\/v2\/product_tag?post=1730"}],"curies":[{"name":"wp","href":"https:\/\/api.w.org\/{rel}","templated":true}]}}