{"id":1757,"date":"2025-09-20T13:14:36","date_gmt":"2025-09-20T12:14:36","guid":{"rendered":"https:\/\/ayooinformatique.com\/?post_type=product&#038;p=1757"},"modified":"2025-12-13T09:06:53","modified_gmt":"2025-12-13T08:06:53","slug":"acer-aspire-i3-13-eme-8gb-ram-ddr5-512ssd","status":"publish","type":"product","link":"https:\/\/ayooinformatique.com\/index.php\/product\/acer-aspire-i3-13-eme-8gb-ram-ddr5-512ssd\/","title":{"rendered":"Acer Aspire i3 13 eme 8GB RAM DDR5 512SSD"},"content":{"rendered":"","protected":false},"excerpt":{"rendered":"<p>&nbsp;<\/p>\n<h3>Sold Out<\/h3>\n<p>\ud83d\udcbb Acer Aspire Lite AL16-52P-32E3 \u2013 Ordinateur Portable L\u00e9ger &amp; Performant<\/p>\n<p>\u26a1 Processeur : Intel Core i3-1305U (13\u1d49 G\u00e9n\u00e9ration)<\/p>\n<p>\ud83d\udcbe M\u00e9moire : 8GB RAM DDR5 (rapide et extensible)<\/p>\n<p>\ud83d\udcc0 Stockage : 512GB SSD NVMe \u2013 ultra rapide<\/p>\n<p>\ud83d\udda5\ufe0f \u00c9cran : 16\u2033 WUXGA IPS (1920\u00d71200) \u2013 image claire &amp; confortable<\/p>\n<p>\ud83c\udfa8 Graphique : Intel UHD int\u00e9gr\u00e9 \u2013 id\u00e9al bureautique &amp; multim\u00e9dia<\/p>\n<p>\ud83d\udd0c Connectivit\u00e9 : USB-C, HDMI, WiFi, Bluetooth<\/p>\n<p>\ud83d\udd0b Autonomie : Bonne dur\u00e9e de batterie pour le travail quotidien<\/p>\n<p>\u2705 Fin, l\u00e9ger &amp; \u00e9l\u00e9gant \u2013 parfait pour bureau, \u00e9tudes &amp; d\u00e9placements<\/p>\n<p>\u2705 Rapide au d\u00e9marrage et fluide dans l\u2019utilisation<\/p>\n<p>\ud83d\udee1\ufe0f Garantie incluse<\/p>\n<p>\u26a1 Chargeur Original<\/p>\n<ol>\n<li>\ud83d\ude9a Livraison Gratuite au Bureau<\/li>\n<\/ol>\n","protected":false},"featured_media":1747,"template":"","meta":[],"product_brand":[],"product_cat":[24],"product_tag":[],"class_list":{"0":"post-1757","1":"product","2":"type-product","3":"status-publish","4":"has-post-thumbnail","6":"product_cat-pc-portable","8":"first","9":"outofstock","10":"sale","11":"shipping-taxable","12":"purchasable","13":"product-type-simple"},"_links":{"self":[{"href":"https:\/\/ayooinformatique.com\/index.php\/wp-json\/wp\/v2\/product\/1757","targetHints":{"allow":["GET"]}}],"collection":[{"href":"https:\/\/ayooinformatique.com\/index.php\/wp-json\/wp\/v2\/product"}],"about":[{"href":"https:\/\/ayooinformatique.com\/index.php\/wp-json\/wp\/v2\/types\/product"}],"wp:featuredmedia":[{"embeddable":true,"href":"https:\/\/ayooinformatique.com\/index.php\/wp-json\/wp\/v2\/media\/1747"}],"wp:attachment":[{"href":"https:\/\/ayooinformatique.com\/index.php\/wp-json\/wp\/v2\/media?parent=1757"}],"wp:term":[{"taxonomy":"product_brand","embeddable":true,"href":"https:\/\/ayooinformatique.com\/index.php\/wp-json\/wp\/v2\/product_brand?post=1757"},{"taxonomy":"product_cat","embeddable":true,"href":"https:\/\/ayooinformatique.com\/index.php\/wp-json\/wp\/v2\/product_cat?post=1757"},{"taxonomy":"product_tag","embeddable":true,"href":"https:\/\/ayooinformatique.com\/index.php\/wp-json\/wp\/v2\/product_tag?post=1757"}],"curies":[{"name":"wp","href":"https:\/\/api.w.org\/{rel}","templated":true}]}}