{"id":1841,"date":"2025-11-08T07:24:07","date_gmt":"2025-11-08T06:24:07","guid":{"rendered":"https:\/\/ayooinformatique.com\/?post_type=product&#038;p=1841"},"modified":"2026-03-10T19:39:44","modified_gmt":"2026-03-10T18:39:44","slug":"stream-lexus-laptop-ns15n-n100-12-8gb-ram-512ssd","status":"publish","type":"product","link":"https:\/\/ayooinformatique.com\/index.php\/product\/stream-lexus-laptop-ns15n-n100-12-8gb-ram-512ssd\/","title":{"rendered":"Stream Lexus Laptop NS15N N100 12 8GB RAM 512SSD"},"content":{"rendered":"","protected":false},"excerpt":{"rendered":"<p data-start=\"0\" data-end=\"147\">\ud83d\udd25\ud83c\udde9\ud83c\uddff <strong data-start=\"7\" data-end=\"67\">Le Nouveau Arriv\u00e9 \u2013 Le Manquant du March\u00e9 est Enfin L\u00e0 !<\/strong><br data-start=\"67\" data-end=\"70\" \/>\ud83d\udcaa <strong data-start=\"73\" data-end=\"138\">Soutenons le Produit de Notre Pays \u2014 STREAM LEXUS LAPTOP N100<\/strong> \ud83c\udde9\ud83c\uddff\ud83d\udcbb<\/p>\n<hr data-start=\"149\" data-end=\"152\" \/>\n<p data-start=\"154\" data-end=\"747\">\u2699\ufe0f <strong data-start=\"157\" data-end=\"190\">Caract\u00e9ristiques Techniques :<\/strong><br data-start=\"190\" data-end=\"193\" \/>\ud83d\udd39 <strong data-start=\"196\" data-end=\"210\">Processeur<\/strong> : Intel <strong data-start=\"219\" data-end=\"244\">N100 \u2013 12\u1d49 G\u00e9n\u00e9ration<\/strong>, fr\u00e9quence <strong data-start=\"256\" data-end=\"275\">0.8GHz ~ 3.4GHz<\/strong>, consommation 6W \u26a1<br data-start=\"294\" data-end=\"297\" \/>\ud83d\udd39 <strong data-start=\"300\" data-end=\"322\">M\u00e9moire Vive (RAM)<\/strong> : <strong data-start=\"325\" data-end=\"337\" data-is-only-node=\"\">8GB DDR4<\/strong> \u2013 extensible jusqu\u2019\u00e0 <strong data-start=\"359\" data-end=\"367\">64GB<\/strong><br data-start=\"367\" data-end=\"370\" \/>\ud83d\udd39 <strong data-start=\"373\" data-end=\"385\">Stockage<\/strong> : <strong data-start=\"388\" data-end=\"419\">512GB SSD SATA III M.2 2280<\/strong> \u2013 rapide &amp; fiable<br data-start=\"437\" data-end=\"440\" \/>\ud83d\udd39 <strong data-start=\"443\" data-end=\"452\">\u00c9cran<\/strong> : <strong data-start=\"455\" data-end=\"488\">15.6\u201d Full HD IPS (1920\u00d71080)<\/strong> \u2013 image nette &amp; couleurs\u00a0<br data-start=\"601\" data-end=\"604\" \/>\ud83d\udd39 <strong data-start=\"607\" data-end=\"617\">R\u00e9seau<\/strong> : <strong data-start=\"620\" data-end=\"644\">RJ45 (Gigabit 1000M)<\/strong> + <strong data-start=\"647\" data-end=\"657\">WiFi 6<\/strong> + <strong data-start=\"660\" data-end=\"677\">Bluetooth 5.2<\/strong> \ud83c\udf10<br data-start=\"680\" data-end=\"683\" \/>\ud83d\udd39 <strong data-start=\"686\" data-end=\"697\">Syst\u00e8me<\/strong> : <strong data-start=\"700\" data-end=\"742\">Windows 11 Original + Microsoft Office<\/strong> \ud83d\udcbc<\/p>\n<hr data-start=\"749\" data-end=\"752\" \/>\n<p data-start=\"754\" data-end=\"842\">\ud83d\udee1\ufe0f <strong data-start=\"758\" data-end=\"772\">Garantie :<\/strong><br data-start=\"772\" data-end=\"775\" \/>\u2705 12 Mois sur l\u2019appareil<br data-start=\"799\" data-end=\"802\" \/>\u2705 <strong data-start=\"804\" data-end=\"837\">5 Ans sur l\u2019afficheur (\u00e9cran)<\/strong> \ud83d\udd25<\/p>\n<hr data-start=\"844\" data-end=\"847\" \/>\n<p data-start=\"849\" data-end=\"1017\">\ud83c\udde9\ud83c\uddff <strong data-start=\"854\" data-end=\"936\">Produit Alg\u00e9rien \u2013 Qualit\u00e9 Premium, Design \u00c9l\u00e9gant, Performance Exceptionnelle<\/strong><br data-start=\"936\" data-end=\"939\" \/>\ud83d\ude9a <strong data-start=\"942\" data-end=\"974\">Livraison Gratuite au Bureau<\/strong><\/p>\n","protected":false},"featured_media":1985,"template":"","meta":[],"product_brand":[],"product_cat":[24],"product_tag":[],"class_list":{"0":"post-1841","1":"product","2":"type-product","3":"status-publish","4":"has-post-thumbnail","6":"product_cat-pc-portable","8":"first","9":"instock","10":"sale","11":"shipping-taxable","12":"purchasable","13":"product-type-simple"},"_links":{"self":[{"href":"https:\/\/ayooinformatique.com\/index.php\/wp-json\/wp\/v2\/product\/1841","targetHints":{"allow":["GET"]}}],"collection":[{"href":"https:\/\/ayooinformatique.com\/index.php\/wp-json\/wp\/v2\/product"}],"about":[{"href":"https:\/\/ayooinformatique.com\/index.php\/wp-json\/wp\/v2\/types\/product"}],"wp:featuredmedia":[{"embeddable":true,"href":"https:\/\/ayooinformatique.com\/index.php\/wp-json\/wp\/v2\/media\/1985"}],"wp:attachment":[{"href":"https:\/\/ayooinformatique.com\/index.php\/wp-json\/wp\/v2\/media?parent=1841"}],"wp:term":[{"taxonomy":"product_brand","embeddable":true,"href":"https:\/\/ayooinformatique.com\/index.php\/wp-json\/wp\/v2\/product_brand?post=1841"},{"taxonomy":"product_cat","embeddable":true,"href":"https:\/\/ayooinformatique.com\/index.php\/wp-json\/wp\/v2\/product_cat?post=1841"},{"taxonomy":"product_tag","embeddable":true,"href":"https:\/\/ayooinformatique.com\/index.php\/wp-json\/wp\/v2\/product_tag?post=1841"}],"curies":[{"name":"wp","href":"https:\/\/api.w.org\/{rel}","templated":true}]}}