{"id":1934,"date":"2026-01-22T20:52:14","date_gmt":"2026-01-22T19:52:14","guid":{"rendered":"https:\/\/ayooinformatique.com\/?post_type=product&#038;p=1934"},"modified":"2026-01-22T21:30:58","modified_gmt":"2026-01-22T20:30:58","slug":"fujitsu","status":"publish","type":"product","link":"https:\/\/ayooinformatique.com\/index.php\/product\/fujitsu\/","title":{"rendered":"Fujitsu PC D\u00e9tachable 2 In 1"},"content":{"rendered":"<p style=\"text-align: left;\">\ud83d\udcbb Fujitsu PC D\u00e9tachable (2-en-1) \u2013 Compact &amp; Pratique<\/p>\n<p>&nbsp;<\/p>\n<p>\u26a1 Processeur : Intel N4020 \u2013 10\u1d49 G\u00e9n\u00e9ration<\/p>\n<p>&nbsp;<\/p>\n<p>\ud83d\udcbe M\u00e9moire : 4GB RAM<\/p>\n<p>&nbsp;<\/p>\n<p>\ud83d\udcc0 Stockage : 64GB SSD + Port SD Card 256GB Supported<\/p>\n<p>&nbsp;<\/p>\n<p>\ud83d\udda5\ufe0f \u00c9cran : 11\u201d \u2013 format compact et confortable<\/p>\n<p>&nbsp;<\/p>\n<p>\ud83c\udfa5 Cam\u00e9ras : Double cam\u00e9ra (avant + arri\u00e8re)<\/p>\n<p>&nbsp;<\/p>\n<p>\ud83d\udd0c Connectivit\u00e9 : USB 3.0, USB Type-C, lecteur carte SD<\/p>\n<p>&nbsp;<\/p>\n<p>\ud83d\udd0b Usage : Tablette + PC portable (clavier d\u00e9tachable)<\/p>\n<p>&nbsp;<\/p>\n<p>\u2705 Id\u00e9al pour \u00e9tudes, navigation web &amp; bureautique l\u00e9g\u00e8re<\/p>\n<p>&nbsp;<\/p>\n<p>\u2705 L\u00e9ger, pratique &amp; facile \u00e0 transporter<\/p>\n","protected":false},"excerpt":{"rendered":"<p>\ud83d\udcbb Fujitsu PC D\u00e9tachable (2-en-1) \u2013 Compact &amp; Pratique &nbsp; \u26a1 Processeur : Intel N4020 \u2013 10\u1d49 G\u00e9n\u00e9ration &nbsp; \ud83d\udcbe M\u00e9moire : 4GB RAM &nbsp; \ud83d\udcc0 Stockage : 64GB SSD + Port SD Card 256GB Supported &nbsp; \ud83d\udda5\ufe0f \u00c9cran : 11\u201d \u2013 format compact et confortable &nbsp; \ud83c\udfa5 Cam\u00e9ras : Double cam\u00e9ra (avant + arri\u00e8re) [&hellip;]<\/p>\n","protected":false},"featured_media":1923,"template":"","meta":[],"product_brand":[],"product_cat":[24],"product_tag":[],"class_list":{"0":"post-1934","1":"product","2":"type-product","3":"status-publish","4":"has-post-thumbnail","6":"product_cat-pc-portable","8":"first","9":"instock","10":"sale","11":"shipping-taxable","12":"purchasable","13":"product-type-simple"},"_links":{"self":[{"href":"https:\/\/ayooinformatique.com\/index.php\/wp-json\/wp\/v2\/product\/1934","targetHints":{"allow":["GET"]}}],"collection":[{"href":"https:\/\/ayooinformatique.com\/index.php\/wp-json\/wp\/v2\/product"}],"about":[{"href":"https:\/\/ayooinformatique.com\/index.php\/wp-json\/wp\/v2\/types\/product"}],"wp:featuredmedia":[{"embeddable":true,"href":"https:\/\/ayooinformatique.com\/index.php\/wp-json\/wp\/v2\/media\/1923"}],"wp:attachment":[{"href":"https:\/\/ayooinformatique.com\/index.php\/wp-json\/wp\/v2\/media?parent=1934"}],"wp:term":[{"taxonomy":"product_brand","embeddable":true,"href":"https:\/\/ayooinformatique.com\/index.php\/wp-json\/wp\/v2\/product_brand?post=1934"},{"taxonomy":"product_cat","embeddable":true,"href":"https:\/\/ayooinformatique.com\/index.php\/wp-json\/wp\/v2\/product_cat?post=1934"},{"taxonomy":"product_tag","embeddable":true,"href":"https:\/\/ayooinformatique.com\/index.php\/wp-json\/wp\/v2\/product_tag?post=1934"}],"curies":[{"name":"wp","href":"https:\/\/api.w.org\/{rel}","templated":true}]}}